{"id":207322,"date":"2018-12-06T19:44:12","date_gmt":"2018-12-06T19:44:12","guid":{"rendered":"https:\/\/www.revision-am.com\/?page_id=207322"},"modified":"2022-12-13T12:50:47","modified_gmt":"2022-12-13T17:50:47","slug":"tarifs","status":"publish","type":"page","link":"https:\/\/www.revision-am.com\/en\/tarifs\/","title":{"rendered":"Rates"},"content":{"rendered":"<p>[et_pb_section fb_built=\u00a0\u00bb1&Prime; admin_label=\u00a0\u00bbsection\u00a0\u00bb _builder_version=\u00a0\u00bb4.1&Prime;][et_pb_row admin_label=\u00a0\u00bbrow\u00a0\u00bb _builder_version=\u00a0\u00bb3.25&Prime; background_size=\u00a0\u00bbinitial\u00a0\u00bb background_position=\u00a0\u00bbtop_left\u00a0\u00bb background_repeat=\u00a0\u00bbrepeat\u00a0\u00bb][et_pb_column type=\u00a0\u00bb4_4&Prime; _builder_version=\u00a0\u00bb3.25&Prime; custom_padding=\u00a0\u00bb|||\u00a0\u00bb custom_padding__hover=\u00a0\u00bb|||\u00a0\u00bb][et_pb_text _builder_version=\u00a0\u00bb4.1&Prime; hover_enabled=\u00a0\u00bb0&Prime;]<\/p>\n<p><a href=\"https:\/\/www.revision-am.com\/en\/nous-contacter\/\">\u00c9crivez-nous<\/a> afin de conna\u00eetre nos tarifs et nos disponibilit\u00e9s.<br \/>Les services de correction, de r\u00e9vision, de r\u00e9daction et de mise en pages sont factur\u00e9s \u00e0 l&rsquo;heure, et le service de traduction, au mot. Les prix varient en fonction du nombre de mots, de la qualit\u00e9 de l&rsquo;\u00e9criture du texte original, du niveau de technicit\u00e9 du contenu, du format du document, etc.<\/p>\n<p>[\/et_pb_text][\/et_pb_column][\/et_pb_row][\/et_pb_section]<\/p>","protected":false},"excerpt":{"rendered":"<p>[et_pb_section fb_built=\u00a0\u00bb1&Prime; admin_label=\u00a0\u00bbsection\u00a0\u00bb _builder_version=\u00a0\u00bb4.1&Prime;][et_pb_row admin_label=\u00a0\u00bbrow\u00a0\u00bb _builder_version=\u00a0\u00bb3.25&Prime; background_size=\u00a0\u00bbinitial\u00a0\u00bb background_position=\u00a0\u00bbtop_left\u00a0\u00bb background_repeat=\u00a0\u00bbrepeat\u00a0\u00bb][et_pb_column type=\u00a0\u00bb4_4&Prime; _builder_version=\u00a0\u00bb3.25&Prime; custom_padding=\u00a0\u00bb|||\u00a0\u00bb custom_padding__hover=\u00a0\u00bb|||\u00a0\u00bb][et_pb_text _builder_version=\u00a0\u00bb4.1&Prime; hover_enabled=\u00a0\u00bb0&Prime;] \u00c9crivez-nous afin de conna\u00eetre nos tarifs et nos disponibilit\u00e9s.Les services de correction, de r\u00e9vision, de r\u00e9daction et de mise en pages sont factur\u00e9s \u00e0 l&rsquo;heure, et le service de traduction, au mot. Les prix varient en fonction du nombre de [&hellip;]<\/p>","protected":false},"author":2,"featured_media":0,"parent":0,"menu_order":0,"comment_status":"closed","ping_status":"closed","template":"","meta":{"_et_pb_use_builder":"on","_et_pb_old_content":"","_et_gb_content_width":"","jetpack_post_was_ever_published":false,"footnotes":""},"class_list":["post-207322","page","type-page","status-publish","hentry"],"yoast_head":"<!-- This site is optimized with the Yoast SEO plugin v18.4.1 - https:\/\/yoast.com\/wordpress\/plugins\/seo\/ -->\n<title>Correction de th\u00e8ses et m\u00e9moires - Tarifs| R\u00e9vision AM<\/title>\n<meta name=\"description\" content=\"R\u00e9vision AM offre des services de r\u00e9vision linguistique et de correction de textes, pour professionnels et particuliers. Consultez nos tarifs.\" \/>\n<meta name=\"robots\" content=\"index, follow, max-snippet:-1, max-image-preview:large, max-video-preview:-1\" \/>\n<link rel=\"canonical\" href=\"https:\/\/www.revision-am.com\/en\/tarifs\/\" \/>\n<meta property=\"og:locale\" content=\"en_US\" \/>\n<meta property=\"og:type\" content=\"article\" \/>\n<meta property=\"og:title\" content=\"Correction de th\u00e8ses et m\u00e9moires - Tarifs| R\u00e9vision AM\" \/>\n<meta property=\"og:description\" content=\"R\u00e9vision AM offre des services de r\u00e9vision linguistique et de correction de textes, pour professionnels et particuliers. Consultez nos tarifs.\" \/>\n<meta property=\"og:url\" content=\"https:\/\/www.revision-am.com\/en\/tarifs\/\" \/>\n<meta property=\"og:site_name\" content=\"R\u00e9vision AM\" \/>\n<meta property=\"article:modified_time\" content=\"2022-12-13T17:50:47+00:00\" \/>\n<meta name=\"twitter:card\" content=\"summary_large_image\" \/>\n<meta name=\"twitter:label1\" content=\"Est. reading time\" \/>\n\t<meta name=\"twitter:data1\" content=\"1 minute\" \/>\n<script type=\"application\/ld+json\" class=\"yoast-schema-graph\">{\"@context\":\"https:\/\/schema.org\",\"@graph\":[{\"@type\":\"WebSite\",\"@id\":\"https:\/\/www.revision-am.com\/#website\",\"url\":\"https:\/\/www.revision-am.com\/\",\"name\":\"R\u00e9vision AM\",\"description\":\"R\u00e9vision de textes et services linguistiques professionnels\",\"potentialAction\":[{\"@type\":\"SearchAction\",\"target\":{\"@type\":\"EntryPoint\",\"urlTemplate\":\"https:\/\/www.revision-am.com\/?s={search_term_string}\"},\"query-input\":\"required name=search_term_string\"}],\"inLanguage\":\"en-CA\"},{\"@type\":\"WebPage\",\"@id\":\"https:\/\/www.revision-am.com\/tarifs\/#webpage\",\"url\":\"https:\/\/www.revision-am.com\/tarifs\/\",\"name\":\"Correction de th\u00e8ses et m\u00e9moires - Tarifs| R\u00e9vision AM\",\"isPartOf\":{\"@id\":\"https:\/\/www.revision-am.com\/#website\"},\"datePublished\":\"2018-12-06T19:44:12+00:00\",\"dateModified\":\"2022-12-13T17:50:47+00:00\",\"description\":\"R\u00e9vision AM offre des services de r\u00e9vision linguistique et de correction de textes, pour professionnels et particuliers. Consultez nos tarifs.\",\"breadcrumb\":{\"@id\":\"https:\/\/www.revision-am.com\/tarifs\/#breadcrumb\"},\"inLanguage\":\"en-CA\",\"potentialAction\":[{\"@type\":\"ReadAction\",\"target\":[\"https:\/\/www.revision-am.com\/tarifs\/\"]}]},{\"@type\":\"BreadcrumbList\",\"@id\":\"https:\/\/www.revision-am.com\/tarifs\/#breadcrumb\",\"itemListElement\":[{\"@type\":\"ListItem\",\"position\":1,\"name\":\"Home\",\"item\":\"https:\/\/www.revision-am.com\/\"},{\"@type\":\"ListItem\",\"position\":2,\"name\":\"Tarifs\"}]}]}<\/script>\n<!-- \/ Yoast SEO plugin. -->","yoast_head_json":{"title":"Correction de th\u00e8ses et m\u00e9moires - Tarifs| R\u00e9vision AM","description":"R\u00e9vision AM offre des services de r\u00e9vision linguistique et de correction de textes, pour professionnels et particuliers. Consultez nos tarifs.","robots":{"index":"index","follow":"follow","max-snippet":"max-snippet:-1","max-image-preview":"max-image-preview:large","max-video-preview":"max-video-preview:-1"},"canonical":"https:\/\/www.revision-am.com\/en\/tarifs\/","og_locale":"en_US","og_type":"article","og_title":"Correction de th\u00e8ses et m\u00e9moires - Tarifs| R\u00e9vision AM","og_description":"R\u00e9vision AM offre des services de r\u00e9vision linguistique et de correction de textes, pour professionnels et particuliers. Consultez nos tarifs.","og_url":"https:\/\/www.revision-am.com\/en\/tarifs\/","og_site_name":"R\u00e9vision AM","article_modified_time":"2022-12-13T17:50:47+00:00","twitter_card":"summary_large_image","twitter_misc":{"Est. reading time":"1 minute"},"schema":{"@context":"https:\/\/schema.org","@graph":[{"@type":"WebSite","@id":"https:\/\/www.revision-am.com\/#website","url":"https:\/\/www.revision-am.com\/","name":"R\u00e9vision AM","description":"R\u00e9vision de textes et services linguistiques professionnels","potentialAction":[{"@type":"SearchAction","target":{"@type":"EntryPoint","urlTemplate":"https:\/\/www.revision-am.com\/?s={search_term_string}"},"query-input":"required name=search_term_string"}],"inLanguage":"en-CA"},{"@type":"WebPage","@id":"https:\/\/www.revision-am.com\/tarifs\/#webpage","url":"https:\/\/www.revision-am.com\/tarifs\/","name":"Correction de th\u00e8ses et m\u00e9moires - Tarifs| R\u00e9vision AM","isPartOf":{"@id":"https:\/\/www.revision-am.com\/#website"},"datePublished":"2018-12-06T19:44:12+00:00","dateModified":"2022-12-13T17:50:47+00:00","description":"R\u00e9vision AM offre des services de r\u00e9vision linguistique et de correction de textes, pour professionnels et particuliers. Consultez nos tarifs.","breadcrumb":{"@id":"https:\/\/www.revision-am.com\/tarifs\/#breadcrumb"},"inLanguage":"en-CA","potentialAction":[{"@type":"ReadAction","target":["https:\/\/www.revision-am.com\/tarifs\/"]}]},{"@type":"BreadcrumbList","@id":"https:\/\/www.revision-am.com\/tarifs\/#breadcrumb","itemListElement":[{"@type":"ListItem","position":1,"name":"Home","item":"https:\/\/www.revision-am.com\/"},{"@type":"ListItem","position":2,"name":"Tarifs"}]}]}},"jetpack_sharing_enabled":true,"jetpack_shortlink":"https:\/\/wp.me\/PaAafC-RVU","jetpack-related-posts":[],"amp_enabled":true,"_links":{"self":[{"href":"https:\/\/www.revision-am.com\/en\/wp-json\/wp\/v2\/pages\/207322","targetHints":{"allow":["GET"]}}],"collection":[{"href":"https:\/\/www.revision-am.com\/en\/wp-json\/wp\/v2\/pages"}],"about":[{"href":"https:\/\/www.revision-am.com\/en\/wp-json\/wp\/v2\/types\/page"}],"author":[{"embeddable":true,"href":"https:\/\/www.revision-am.com\/en\/wp-json\/wp\/v2\/users\/2"}],"replies":[{"embeddable":true,"href":"https:\/\/www.revision-am.com\/en\/wp-json\/wp\/v2\/comments?post=207322"}],"version-history":[{"count":16,"href":"https:\/\/www.revision-am.com\/en\/wp-json\/wp\/v2\/pages\/207322\/revisions"}],"predecessor-version":[{"id":208322,"href":"https:\/\/www.revision-am.com\/en\/wp-json\/wp\/v2\/pages\/207322\/revisions\/208322"}],"wp:attachment":[{"href":"https:\/\/www.revision-am.com\/en\/wp-json\/wp\/v2\/media?parent=207322"}],"curies":[{"name":"wp","href":"https:\/\/api.w.org\/{rel}","templated":true}]}}